{"id":8,"date":"2021-08-14T20:46:02","date_gmt":"2021-08-14T20:46:02","guid":{"rendered":"https:\/\/kits.themecy.com\/events-3\/?page_id=8"},"modified":"2026-02-26T08:49:14","modified_gmt":"2026-02-26T08:49:14","slug":"event-gallery","status":"publish","type":"page","link":"https:\/\/www.jdcfinland.fi\/?page_id=8","title":{"rendered":"tapahtumat"},"content":{"rendered":"<style>.kb-row-layout-id8_f73c19-33 > .kt-row-column-wrap{align-content:start;}:where(.kb-row-layout-id8_f73c19-33 > .kt-row-column-wrap) > .wp-block-kadence-column{justify-content:start;}.kb-row-layout-id8_f73c19-33 > .kt-row-column-wrap{column-gap:var(--global-kb-gap-md, 2rem);row-gap:var(--global-kb-gap-md, 2rem);max-width:var( --global-content-width, 1290px );padding-left:var(--global-content-edge-padding);padding-right:var(--global-content-edge-padding);padding-top:200px;padding-bottom:90px;grid-template-columns:minmax(0, 1fr);}.kb-row-layout-id8_f73c19-33 > .kt-row-layout-overlay{opacity:0.56;background:radial-gradient(ellipse at right top, #e539fd 0%, var(--global-palette3) 92%);mix-blend-mode:multiply;}@media all and (max-width: 1024px){.kb-row-layout-id8_f73c19-33 > .kt-row-column-wrap{grid-template-columns:minmax(0, 1fr);}}@media all and (max-width: 767px){.kb-row-layout-id8_f73c19-33 > .kt-row-column-wrap{grid-template-columns:minmax(0, 1fr);}}<\/style><div class=\"kb-row-layout-wrap kb-row-layout-id8_f73c19-33 alignnone has-theme-palette3-background-color kt-row-has-bg wp-block-kadence-rowlayout\"><div class=\"kt-row-layout-overlay kt-row-overlay-gradient\"><\/div><div class=\"kt-row-column-wrap kt-has-1-columns kt-row-layout-equal kt-tab-layout-inherit kt-mobile-layout-row kt-row-valign-top kb-theme-content-width\">\n<style>.kadence-column8_4fd588-e2 > .kt-inside-inner-col,.kadence-column8_4fd588-e2 > .kt-inside-inner-col:before{border-top-left-radius:0px;border-top-right-radius:0px;border-bottom-right-radius:0px;border-bottom-left-radius:0px;}.kadence-column8_4fd588-e2 > .kt-inside-inner-col{column-gap:var(--global-kb-gap-sm, 1rem);}.kadence-column8_4fd588-e2 > .kt-inside-inner-col{flex-direction:column;}.kadence-column8_4fd588-e2 > .kt-inside-inner-col > .aligncenter{width:100%;}.kadence-column8_4fd588-e2 > .kt-inside-inner-col:before{opacity:0.3;}.kadence-column8_4fd588-e2{position:relative;}@media all and (max-width: 1024px){.kadence-column8_4fd588-e2 > .kt-inside-inner-col{flex-direction:column;justify-content:center;}}@media all and (max-width: 767px){.kadence-column8_4fd588-e2 > .kt-inside-inner-col{flex-direction:column;justify-content:center;}}<\/style>\n<div class=\"wp-block-kadence-column kadence-column8_4fd588-e2 inner-column-1\"><div class=\"kt-inside-inner-col\"><style>.wp-block-kadence-advancedheading.kt-adv-heading8_96154b-43, .wp-block-kadence-advancedheading.kt-adv-heading8_96154b-43[data-kb-block=\"kb-adv-heading8_96154b-43\"]{margin-top:0px;text-align:center;font-style:normal;}.wp-block-kadence-advancedheading.kt-adv-heading8_96154b-43 mark.kt-highlight, .wp-block-kadence-advancedheading.kt-adv-heading8_96154b-43[data-kb-block=\"kb-adv-heading8_96154b-43\"] mark.kt-highlight{font-style:normal;color:#f76a0c;-webkit-box-decoration-break:clone;box-decoration-break:clone;padding-top:0px;padding-right:0px;padding-bottom:0px;padding-left:0px;}.wp-block-kadence-advancedheading.kt-adv-heading8_96154b-43 img.kb-inline-image, .wp-block-kadence-advancedheading.kt-adv-heading8_96154b-43[data-kb-block=\"kb-adv-heading8_96154b-43\"] img.kb-inline-image{width:150px;vertical-align:baseline;}@media all and (max-width: 1024px){.wp-block-kadence-advancedheading.kt-adv-heading8_96154b-43, .wp-block-kadence-advancedheading.kt-adv-heading8_96154b-43[data-kb-block=\"kb-adv-heading8_96154b-43\"]{font-size:60px;}}@media all and (max-width: 767px){.wp-block-kadence-advancedheading.kt-adv-heading8_96154b-43, .wp-block-kadence-advancedheading.kt-adv-heading8_96154b-43[data-kb-block=\"kb-adv-heading8_96154b-43\"]{font-size:26px;}}<\/style>\n<h1 class=\"kt-adv-heading8_96154b-43 wp-block-kadence-advancedheading has-theme-palette-9-color has-text-color\" data-kb-block=\"kb-adv-heading8_96154b-43\">tapahtumat<\/h1>\n\n\n<style>.wp-block-kadence-advancedheading.kt-adv-heading8_89af28-c5, .wp-block-kadence-advancedheading.kt-adv-heading8_89af28-c5[data-kb-block=\"kb-adv-heading8_89af28-c5\"]{text-align:center;font-style:normal;}.wp-block-kadence-advancedheading.kt-adv-heading8_89af28-c5 mark.kt-highlight, .wp-block-kadence-advancedheading.kt-adv-heading8_89af28-c5[data-kb-block=\"kb-adv-heading8_89af28-c5\"] mark.kt-highlight{font-style:normal;color:#f76a0c;-webkit-box-decoration-break:clone;box-decoration-break:clone;padding-top:0px;padding-right:0px;padding-bottom:0px;padding-left:0px;}.wp-block-kadence-advancedheading.kt-adv-heading8_89af28-c5 img.kb-inline-image, .wp-block-kadence-advancedheading.kt-adv-heading8_89af28-c5[data-kb-block=\"kb-adv-heading8_89af28-c5\"] img.kb-inline-image{width:150px;vertical-align:baseline;}<\/style>\n<p class=\"kt-adv-heading8_89af28-c5 wp-block-kadence-advancedheading has-theme-palette-9-color has-text-color\" data-kb-block=\"kb-adv-heading8_89af28-c5\">Kalenteri tuleville tapahtumillemme<\/p>\n<\/div><\/div>\n\n<\/div><\/div>\n\n<style>.kb-row-layout-id8_fb93c5-03 > .kt-row-column-wrap{align-content:start;}:where(.kb-row-layout-id8_fb93c5-03 > .kt-row-column-wrap) > .wp-block-kadence-column{justify-content:start;}.kb-row-layout-id8_fb93c5-03 > .kt-row-column-wrap{column-gap:var(--global-kb-gap-md, 2rem);row-gap:var(--global-kb-gap-md, 2rem);max-width:var( --global-content-width, 1290px );padding-left:var(--global-content-edge-padding);padding-right:var(--global-content-edge-padding);padding-top:80px;padding-bottom:80px;grid-template-columns:minmax(0, 1fr);}.kb-row-layout-id8_fb93c5-03 > .kt-row-layout-overlay{opacity:0.30;}@media all and (max-width: 1024px){.kb-row-layout-id8_fb93c5-03 > .kt-row-column-wrap{grid-template-columns:minmax(0, 1fr);}}@media all and (max-width: 767px){.kb-row-layout-id8_fb93c5-03 > .kt-row-column-wrap{grid-template-columns:minmax(0, 1fr);}}<\/style><div class=\"kb-row-layout-wrap kb-row-layout-id8_fb93c5-03 alignnone wp-block-kadence-rowlayout\"><div class=\"kt-row-column-wrap kt-has-1-columns kt-row-layout-equal kt-tab-layout-inherit kt-mobile-layout-row kt-row-valign-top kb-theme-content-width\">\n<style>.kadence-column8_d5c414-25 > .kt-inside-inner-col,.kadence-column8_d5c414-25 > .kt-inside-inner-col:before{border-top-left-radius:0px;border-top-right-radius:0px;border-bottom-right-radius:0px;border-bottom-left-radius:0px;}.kadence-column8_d5c414-25 > .kt-inside-inner-col{column-gap:var(--global-kb-gap-sm, 1rem);}.kadence-column8_d5c414-25 > .kt-inside-inner-col{flex-direction:column;}.kadence-column8_d5c414-25 > .kt-inside-inner-col > .aligncenter{width:100%;}.kadence-column8_d5c414-25 > .kt-inside-inner-col:before{opacity:0.3;}.kadence-column8_d5c414-25{position:relative;}@media all and (max-width: 1024px){.kadence-column8_d5c414-25 > .kt-inside-inner-col{flex-direction:column;justify-content:center;}}@media all and (max-width: 767px){.kadence-column8_d5c414-25 > .kt-inside-inner-col{flex-direction:column;justify-content:center;}}<\/style>\n<div class=\"wp-block-kadence-column kadence-column8_d5c414-25 inner-column-1\"><div class=\"kt-inside-inner-col\"><style>.wp-block-kadence-advancedheading.kt-adv-heading8_9ffdc2-b0, .wp-block-kadence-advancedheading.kt-adv-heading8_9ffdc2-b0[data-kb-block=\"kb-adv-heading8_9ffdc2-b0\"]{font-style:normal;}.wp-block-kadence-advancedheading.kt-adv-heading8_9ffdc2-b0 mark.kt-highlight, .wp-block-kadence-advancedheading.kt-adv-heading8_9ffdc2-b0[data-kb-block=\"kb-adv-heading8_9ffdc2-b0\"] mark.kt-highlight{font-style:normal;color:#f76a0c;-webkit-box-decoration-break:clone;box-decoration-break:clone;padding-top:0px;padding-right:0px;padding-bottom:0px;padding-left:0px;}.wp-block-kadence-advancedheading.kt-adv-heading8_9ffdc2-b0 img.kb-inline-image, .wp-block-kadence-advancedheading.kt-adv-heading8_9ffdc2-b0[data-kb-block=\"kb-adv-heading8_9ffdc2-b0\"] img.kb-inline-image{width:150px;vertical-align:baseline;}<\/style>\n<h2 class=\"kt-adv-heading8_9ffdc2-b0 wp-block-kadence-advancedheading\" data-kb-block=\"kb-adv-heading8_9ffdc2-b0\">JDc kiertue 2026<\/h2>\n\n\n\n<p>Alustavat p\u00e4iv\u00e4m\u00e4\u00e4r\u00e4t. Jos ei muuta mainita, junioreiden toiminta alkaa 12.00 ja tasoituskisa 15.00.<\/p>\n\n\n<style>.kb-table-container8_ea785a-fb{overflow-x:auto;}.kb-table8_ea785a-fb{table-layout:fixed;width:100%;}.kb-table-container .kb-table8_ea785a-fb th{padding-top:var(--global-kb-spacing-xxs, 0.5rem);padding-right:var(--global-kb-spacing-xxs, 0.5rem);padding-bottom:var(--global-kb-spacing-xxs, 0.5rem);padding-left:var(--global-kb-spacing-xxs, 0.5rem);text-align:center;}.kb-table-container .kb-table8_ea785a-fb caption{text-align:center;}.kb-table-container .kb-table8_ea785a-fb td{padding-top:var(--global-kb-spacing-xxs, 0.5rem);padding-right:var(--global-kb-spacing-xxs, 0.5rem);padding-bottom:var(--global-kb-spacing-xxs, 0.5rem);padding-left:var(--global-kb-spacing-xxs, 0.5rem);text-align:left;}<\/style><div class=\"kb-table-container kb-table-container8_ea785a-fb wp-block-kadence-table\"><table class=\"kb-table kb-table8_ea785a-fb\">\n<tr class=\"kb-table-row kb-table-row8_4dd191-f9\">\n<th class=\"kb-table-data kb-table-data8_7330ff-ed\">\n\n<p class=\"has-text-align-left\">Pvm<\/p>\n\n<\/th>\n\n<th class=\"kb-table-data kb-table-data8_5fbf58-e2\">\n\n<p class=\"has-text-align-left\">Paikka<\/p>\n\n<\/th>\n\n<th class=\"kb-table-data kb-table-data8_5c8bc9-b9\">\n\n<p class=\"has-text-align-left\">Sis\u00e4lt\u00f6<\/p>\n\n<\/th>\n<\/tr>\n\n<tr class=\"kb-table-row kb-table-row8_18267f-72\">\n<td class=\"kb-table-data kb-table-data8_cc9443-2f\">\n\n<p>Sunnuntai<br>25.1.2026<br>kello 12.00<\/p>\n\n<\/td>\n\n<td class=\"kb-table-data kb-table-data8_72c751-3e\">\n\n<p>Kerava Bowling &amp; Billiard Garage<\/p>\n\n<\/td>\n\n<td class=\"kb-table-data kb-table-data8_d703df-e9\">\n\n<p>Juniorien ranking &amp;<br>Tasoituskisat poolissa<\/p>\n\n<\/td>\n<\/tr>\n\n<tr class=\"kb-table-row kb-table-row8_109b88-d2\">\n<td class=\"kb-table-data kb-table-data8_e85b29-d7\">\n\n<p>Sunnuntai<br>22.2.2026<br>kello 12.00<\/p>\n\n<\/td>\n\n<td class=\"kb-table-data kb-table-data8_e3238b-cc\">\n\n<p>Kerava Bowling &amp; Billiard Garage<\/p>\n\n<\/td>\n\n<td class=\"kb-table-data kb-table-data8_3144bf-9e\">\n\n<p>Juniorien ranking &amp;<br>Tasoituskisat poolissa<\/p>\n\n<\/td>\n<\/tr>\n\n<tr class=\"kb-table-row kb-table-row8_2c5ad6-21\">\n<td class=\"kb-table-data kb-table-data8_5223a6-0e\">\n\n<p>Sunnuntai<br>29.3.2026<\/p>\n\n<\/td>\n\n<td class=\"kb-table-data kb-table-data8_71364a-0e\">\n\n<p>Gastropub L\u00f6yt\u00f6, Turku<\/p>\n\n<\/td>\n\n<td class=\"kb-table-data kb-table-data8_870a1a-a2\">\n\n<p>Juniorien ranking<\/p>\n\n<\/td>\n<\/tr>\n\n<tr class=\"kb-table-row kb-table-row8_7ebebb-d7\">\n<td class=\"kb-table-data kb-table-data8_5bad1e-fc\">\n\n<p>Lauantai<br>25.4.2026<\/p>\n\n<\/td>\n\n<td class=\"kb-table-data kb-table-data8_850af9-6e\">\n\n<p>Nurmij\u00e4rven Bowling Corner<\/p>\n\n<\/td>\n\n<td class=\"kb-table-data kb-table-data8_3c58fb-75\">\n\n<p>Juniorien ranking &amp;<br>Tasoituskisat poolissa<br>lavapelein<\/p>\n\n<\/td>\n<\/tr>\n\n<tr class=\"kb-table-row kb-table-row8_0e07b7-ad\">\n<td class=\"kb-table-data kb-table-data8_46febd-88\">\n\n<p>Pe-su<br>22.-24.5.2026<\/p>\n\n<\/td>\n\n<td class=\"kb-table-data kb-table-data8_256113-5a\">\n\n<p>Kerava Bowling &amp; Billiard Garage<\/p>\n\n<\/td>\n\n<td class=\"kb-table-data kb-table-data8_78975b-69\">\n\n<p>JDC Skandinavian Open<\/p>\n\n<\/td>\n<\/tr>\n<\/table><\/div>\n\n\n<p><br>Kisojen hinnat muille kuin akatemialaisille:<br>Tasoituskisat 20 \u20ac. Tasoituskisoissa palkinnot: voittaja 40 %, kakkonen 15 %, kolmas ja nelj\u00e4s 7,5 % osallistumismaksuista. 30 % JDC toiminnan tukemiseen.<br>Tasoituskisat ovat kaikille avoimet.<br>JDC Skandinavian Openin avoimet ja naisten sarjat ovat kaikille avoimia. Ei lisenssin tarvetta.<br><br><\/p>\n<\/div><\/div>\n\n\n<style>.kadence-column8_a22a21-92 > .kt-inside-inner-col,.kadence-column8_a22a21-92 > .kt-inside-inner-col:before{border-top-left-radius:0px;border-top-right-radius:0px;border-bottom-right-radius:0px;border-bottom-left-radius:0px;}.kadence-column8_a22a21-92 > .kt-inside-inner-col{column-gap:var(--global-kb-gap-sm, 1rem);}.kadence-column8_a22a21-92 > .kt-inside-inner-col{flex-direction:column;}.kadence-column8_a22a21-92 > .kt-inside-inner-col > .aligncenter{width:100%;}.kadence-column8_a22a21-92 > .kt-inside-inner-col:before{opacity:0.3;}.kadence-column8_a22a21-92{position:relative;}@media all and (max-width: 1024px){.kadence-column8_a22a21-92 > .kt-inside-inner-col{flex-direction:column;justify-content:center;}}@media all and (max-width: 767px){.kadence-column8_a22a21-92 > .kt-inside-inner-col{flex-direction:column;justify-content:center;}}<\/style>\n<div class=\"wp-block-kadence-column kadence-column8_a22a21-92\"><div class=\"kt-inside-inner-col\"><\/div><\/div>\n\n<\/div><\/div>","protected":false},"excerpt":{"rendered":"<p>tapahtumat Kalenteri tuleville tapahtumillemme JDc kiertue 2026 Alustavat p\u00e4iv\u00e4m\u00e4\u00e4r\u00e4t. Jos ei muuta mainita, junioreiden toiminta alkaa 12.00 ja tasoituskisa 15.00. Kisojen hinnat muille kuin akatemialaisille:Tasoituskisat 20 \u20ac. Tasoituskisoissa palkinnot: voittaja&#8230;<\/p>\n","protected":false},"author":1,"featured_media":509,"parent":0,"menu_order":0,"comment_status":"closed","ping_status":"closed","template":"","meta":{"_EventAllDay":false,"_EventTimezone":"","_EventStartDate":"","_EventEndDate":"","_EventStartDateUTC":"","_EventEndDateUTC":"","_EventShowMap":false,"_EventShowMapLink":false,"_EventURL":"","_EventCost":"","_EventCostDescription":"","_EventCurrencySymbol":"","_EventCurrencyCode":"","_EventCurrencyPosition":"","_EventDateTimeSeparator":"","_EventTimeRangeSeparator":"","_EventOrganizerID":[],"_EventVenueID":[],"_OrganizerEmail":"","_OrganizerPhone":"","_OrganizerWebsite":"","_VenueAddress":"","_VenueCity":"","_VenueCountry":"","_VenueProvince":"","_VenueState":"","_VenueZip":"","_VenuePhone":"","_VenueURL":"","_VenueStateProvince":"","_VenueLat":"","_VenueLng":"","_VenueShowMap":false,"_VenueShowMapLink":false,"_kadence_starter_templates_imported_post":true,"_kad_post_transparent":"","_kad_post_title":"hide","_kad_post_layout":"fullwidth","_kad_post_sidebar_id":"","_kad_post_content_style":"unboxed","_kad_post_vertical_padding":"hide","_kad_post_feature":"hide","_kad_post_feature_position":"","_kad_post_header":false,"_kad_post_footer":false,"_kad_post_classname":"","footnotes":""},"class_list":["post-8","page","type-page","status-publish","has-post-thumbnail","hentry"],"_links":{"self":[{"href":"https:\/\/www.jdcfinland.fi\/index.php?rest_route=\/wp\/v2\/pages\/8","targetHints":{"allow":["GET"]}}],"collection":[{"href":"https:\/\/www.jdcfinland.fi\/index.php?rest_route=\/wp\/v2\/pages"}],"about":[{"href":"https:\/\/www.jdcfinland.fi\/index.php?rest_route=\/wp\/v2\/types\/page"}],"author":[{"embeddable":true,"href":"https:\/\/www.jdcfinland.fi\/index.php?rest_route=\/wp\/v2\/users\/1"}],"replies":[{"embeddable":true,"href":"https:\/\/www.jdcfinland.fi\/index.php?rest_route=%2Fwp%2Fv2%2Fcomments&post=8"}],"version-history":[{"count":21,"href":"https:\/\/www.jdcfinland.fi\/index.php?rest_route=\/wp\/v2\/pages\/8\/revisions"}],"predecessor-version":[{"id":1012,"href":"https:\/\/www.jdcfinland.fi\/index.php?rest_route=\/wp\/v2\/pages\/8\/revisions\/1012"}],"wp:featuredmedia":[{"embeddable":true,"href":"https:\/\/www.jdcfinland.fi\/index.php?rest_route=\/wp\/v2\/media\/509"}],"wp:attachment":[{"href":"https:\/\/www.jdcfinland.fi\/index.php?rest_route=%2Fwp%2Fv2%2Fmedia&parent=8"}],"curies":[{"name":"wp","href":"https:\/\/api.w.org\/{rel}","templated":true}]}}