{"id":378,"date":"2021-08-14T20:45:40","date_gmt":"2021-08-14T20:45:40","guid":{"rendered":"https:\/\/kits.themecy.com\/events-3\/?page_id=6"},"modified":"2026-01-08T10:54:48","modified_gmt":"2026-01-08T10:54:48","slug":"contact","status":"publish","type":"page","link":"https:\/\/www.jdcfinland.fi\/?page_id=378","title":{"rendered":"Contact"},"content":{"rendered":"<style>.kb-row-layout-id378_ca38c8-3c > .kt-row-column-wrap{align-content:start;}:where(.kb-row-layout-id378_ca38c8-3c > .kt-row-column-wrap) > .wp-block-kadence-column{justify-content:start;}.kb-row-layout-id378_ca38c8-3c > .kt-row-column-wrap{column-gap:var(--global-kb-gap-md, 2rem);row-gap:var(--global-kb-gap-md, 2rem);max-width:var( --global-content-width, 1290px );padding-left:var(--global-content-edge-padding);padding-right:var(--global-content-edge-padding);padding-top:200px;padding-bottom:90px;grid-template-columns:minmax(0, 1fr);}.kb-row-layout-id378_ca38c8-3c > .kt-row-layout-overlay{opacity:0.56;background:radial-gradient(ellipse at right top, #e539fd 0%, var(--global-palette3) 92%);mix-blend-mode:multiply;}@media all and (max-width: 1024px){.kb-row-layout-id378_ca38c8-3c > .kt-row-column-wrap{grid-template-columns:minmax(0, 1fr);}}@media all and (max-width: 767px){.kb-row-layout-id378_ca38c8-3c > .kt-row-column-wrap{grid-template-columns:minmax(0, 1fr);}}<\/style><div class=\"kb-row-layout-wrap kb-row-layout-id378_ca38c8-3c alignnone has-theme-palette3-background-color kt-row-has-bg wp-block-kadence-rowlayout\"><div class=\"kt-row-layout-overlay kt-row-overlay-gradient\"><\/div><div class=\"kt-row-column-wrap kt-has-1-columns kt-row-layout-equal kt-tab-layout-inherit kt-mobile-layout-row kt-row-valign-top kb-theme-content-width\">\n<style>.kadence-column378_8691c7-a0 > .kt-inside-inner-col,.kadence-column378_8691c7-a0 > .kt-inside-inner-col:before{border-top-left-radius:0px;border-top-right-radius:0px;border-bottom-right-radius:0px;border-bottom-left-radius:0px;}.kadence-column378_8691c7-a0 > .kt-inside-inner-col{column-gap:var(--global-kb-gap-sm, 1rem);}.kadence-column378_8691c7-a0 > .kt-inside-inner-col{flex-direction:column;}.kadence-column378_8691c7-a0 > .kt-inside-inner-col > .aligncenter{width:100%;}.kadence-column378_8691c7-a0 > .kt-inside-inner-col:before{opacity:0.3;}.kadence-column378_8691c7-a0{position:relative;}@media all and (max-width: 1024px){.kadence-column378_8691c7-a0 > .kt-inside-inner-col{flex-direction:column;justify-content:center;}}@media all and (max-width: 767px){.kadence-column378_8691c7-a0 > .kt-inside-inner-col{flex-direction:column;justify-content:center;}}<\/style>\n<div class=\"wp-block-kadence-column kadence-column378_8691c7-a0 inner-column-1\"><div class=\"kt-inside-inner-col\"><style>.wp-block-kadence-advancedheading.kt-adv-heading378_8b401a-63, .wp-block-kadence-advancedheading.kt-adv-heading378_8b401a-63[data-kb-block=\"kb-adv-heading378_8b401a-63\"]{margin-top:0px;text-align:center;font-style:normal;}.wp-block-kadence-advancedheading.kt-adv-heading378_8b401a-63 mark.kt-highlight, .wp-block-kadence-advancedheading.kt-adv-heading378_8b401a-63[data-kb-block=\"kb-adv-heading378_8b401a-63\"] mark.kt-highlight{font-style:normal;color:#f76a0c;-webkit-box-decoration-break:clone;box-decoration-break:clone;padding-top:0px;padding-right:0px;padding-bottom:0px;padding-left:0px;}.wp-block-kadence-advancedheading.kt-adv-heading378_8b401a-63 img.kb-inline-image, .wp-block-kadence-advancedheading.kt-adv-heading378_8b401a-63[data-kb-block=\"kb-adv-heading378_8b401a-63\"] img.kb-inline-image{width:150px;vertical-align:baseline;}@media all and (max-width: 1024px){.wp-block-kadence-advancedheading.kt-adv-heading378_8b401a-63, .wp-block-kadence-advancedheading.kt-adv-heading378_8b401a-63[data-kb-block=\"kb-adv-heading378_8b401a-63\"]{font-size:60px;}}@media all and (max-width: 767px){.wp-block-kadence-advancedheading.kt-adv-heading378_8b401a-63, .wp-block-kadence-advancedheading.kt-adv-heading378_8b401a-63[data-kb-block=\"kb-adv-heading378_8b401a-63\"]{font-size:26px;}}<\/style>\n<h1 class=\"kt-adv-heading378_8b401a-63 wp-block-kadence-advancedheading has-theme-palette-9-color has-text-color\" data-kb-block=\"kb-adv-heading378_8b401a-63\">yhteydenotto<\/h1>\n\n\n<style>.wp-block-kadence-advancedheading.kt-adv-heading378_236626-44, .wp-block-kadence-advancedheading.kt-adv-heading378_236626-44[data-kb-block=\"kb-adv-heading378_236626-44\"]{text-align:center;font-style:normal;}.wp-block-kadence-advancedheading.kt-adv-heading378_236626-44 mark.kt-highlight, .wp-block-kadence-advancedheading.kt-adv-heading378_236626-44[data-kb-block=\"kb-adv-heading378_236626-44\"] mark.kt-highlight{font-style:normal;color:#f76a0c;-webkit-box-decoration-break:clone;box-decoration-break:clone;padding-top:0px;padding-right:0px;padding-bottom:0px;padding-left:0px;}.wp-block-kadence-advancedheading.kt-adv-heading378_236626-44 img.kb-inline-image, .wp-block-kadence-advancedheading.kt-adv-heading378_236626-44[data-kb-block=\"kb-adv-heading378_236626-44\"] img.kb-inline-image{width:150px;vertical-align:baseline;}<\/style>\n<p class=\"kt-adv-heading378_236626-44 wp-block-kadence-advancedheading has-theme-palette-9-color has-text-color\" data-kb-block=\"kb-adv-heading378_236626-44\">Oheisessa kaavakkeella voit ottaa yhteytt\u00e4 akatemiaan ja olla ajantasaisen tiedon \u00e4\u00e4rell\u00e4 toimintaan liittyen. My\u00f6s vapaamuotoiset kysymykset ovat tervetulleita.<\/p>\n<\/div><\/div>\n\n<\/div><\/div>\n\n<style>.kb-row-layout-id378_500861-7a > .kt-row-column-wrap{align-content:start;}:where(.kb-row-layout-id378_500861-7a > .kt-row-column-wrap) > .wp-block-kadence-column{justify-content:start;}.kb-row-layout-id378_500861-7a > .kt-row-column-wrap{column-gap:var(--global-kb-gap-md, 2rem);row-gap:var(--global-kb-gap-md, 2rem);max-width:var( --global-content-width, 1290px );padding-left:var(--global-content-edge-padding);padding-right:var(--global-content-edge-padding);padding-top:80px;padding-bottom:80px;grid-template-columns:minmax(0, 1fr);}.kb-row-layout-id378_500861-7a > .kt-row-layout-overlay{opacity:0.30;}@media all and (max-width: 1024px){.kb-row-layout-id378_500861-7a > .kt-row-column-wrap{grid-template-columns:minmax(0, 1fr);}}@media all and (max-width: 767px){.kb-row-layout-id378_500861-7a > .kt-row-column-wrap{grid-template-columns:minmax(0, 1fr);}}<\/style><div class=\"kb-row-layout-wrap kb-row-layout-id378_500861-7a alignnone wp-block-kadence-rowlayout\"><div class=\"kt-row-column-wrap kt-has-1-columns kt-row-layout-equal kt-tab-layout-inherit kt-mobile-layout-row kt-row-valign-top kb-theme-content-width\">\n<style>.kadence-column378_801684-9a > .kt-inside-inner-col,.kadence-column378_801684-9a > .kt-inside-inner-col:before{border-top-left-radius:0px;border-top-right-radius:0px;border-bottom-right-radius:0px;border-bottom-left-radius:0px;}.kadence-column378_801684-9a > .kt-inside-inner-col{column-gap:var(--global-kb-gap-sm, 1rem);}.kadence-column378_801684-9a > .kt-inside-inner-col{flex-direction:column;}.kadence-column378_801684-9a > .kt-inside-inner-col > .aligncenter{width:100%;}.kadence-column378_801684-9a > .kt-inside-inner-col:before{opacity:0.3;}.kadence-column378_801684-9a{position:relative;}@media all and (max-width: 1024px){.kadence-column378_801684-9a > .kt-inside-inner-col{flex-direction:column;justify-content:center;}}@media all and (max-width: 767px){.kadence-column378_801684-9a > .kt-inside-inner-col{flex-direction:column;justify-content:center;}}<\/style>\n<div class=\"wp-block-kadence-column kadence-column378_801684-9a inner-column-1\"><div class=\"kt-inside-inner-col\"><style>.wp-block-kadence-advancedheading.kt-adv-heading378_a694f5-0e, .wp-block-kadence-advancedheading.kt-adv-heading378_a694f5-0e[data-kb-block=\"kb-adv-heading378_a694f5-0e\"]{margin-top:0px;margin-bottom:20px;text-align:left;font-style:normal;}.wp-block-kadence-advancedheading.kt-adv-heading378_a694f5-0e mark.kt-highlight, .wp-block-kadence-advancedheading.kt-adv-heading378_a694f5-0e[data-kb-block=\"kb-adv-heading378_a694f5-0e\"] mark.kt-highlight{font-style:normal;color:#f76a0c;-webkit-box-decoration-break:clone;box-decoration-break:clone;padding-top:0px;padding-right:0px;padding-bottom:0px;padding-left:0px;}.wp-block-kadence-advancedheading.kt-adv-heading378_a694f5-0e img.kb-inline-image, .wp-block-kadence-advancedheading.kt-adv-heading378_a694f5-0e[data-kb-block=\"kb-adv-heading378_a694f5-0e\"] img.kb-inline-image{width:150px;vertical-align:baseline;}@media all and (max-width: 767px){.wp-block-kadence-advancedheading.kt-adv-heading378_a694f5-0e, .wp-block-kadence-advancedheading.kt-adv-heading378_a694f5-0e[data-kb-block=\"kb-adv-heading378_a694f5-0e\"]{font-size:var(--global-kb-font-size-lg, 2rem);}}<\/style>\n<h4 class=\"kt-adv-heading378_a694f5-0e wp-block-kadence-advancedheading\" data-kb-block=\"kb-adv-heading378_a694f5-0e\">Kysymyksi\u00e4? Liittymistoiveita?<br>Ota yhteytt\u00e4!<br><\/h4>\n\n\n\n<p>Harjoitusten vastuuhenkil\u00f6t:<br><strong>Turku &amp; Satakunta + muu suomi<\/strong><br>Mikko Sepp\u00e4l\u00e4 0403283494<br><strong>PK-Seutu &amp; Tampere<\/strong><br>Hannu Lehtinen 0504623824<\/p>\n\n\n\n<p>Harjoituksia on s\u00e4\u00e4nn\u00f6llisesti Turussa, Porissa, Tampereella ja Keravalla. Varmista treenien ajankohta valmentajalta. Ensimm\u00e4inen kerta on aina ilmainen. Tervetuloa mukaan kokeilemaan!<br><br>Lis\u00e4tietoa akatemiasta <a href=\"https:\/\/www.jdcfinland.fi\/?page_id=841\">T\u00c4\u00c4LT\u00c4<\/a>.<\/p>\n\n\n<style>.kb-row-layout-id378_593907-ef > .kt-row-column-wrap{align-content:start;}:where(.kb-row-layout-id378_593907-ef > .kt-row-column-wrap) > .wp-block-kadence-column{justify-content:start;}.kb-row-layout-id378_593907-ef > .kt-row-column-wrap{column-gap:var(--global-kb-gap-md, 2rem);row-gap:var(--global-kb-gap-md, 2rem);max-width:var( --global-content-width, 1290px );padding-left:var(--global-content-edge-padding);padding-right:var(--global-content-edge-padding);padding-top:var(--global-kb-spacing-sm, 1.5rem);padding-bottom:var(--global-kb-spacing-sm, 1.5rem);grid-template-columns:minmax(0, 1fr);}.kb-row-layout-id378_593907-ef > .kt-row-layout-overlay{opacity:0.30;}@media all and (max-width: 1024px){.kb-row-layout-id378_593907-ef > .kt-row-column-wrap{grid-template-columns:minmax(0, 1fr);}}@media all and (max-width: 767px){.kb-row-layout-id378_593907-ef > .kt-row-column-wrap{grid-template-columns:minmax(0, 1fr);}}<\/style><div class=\"kb-row-layout-wrap kb-row-layout-id378_593907-ef alignnone has-theme-palette3-background-color kt-row-has-bg wp-block-kadence-rowlayout\"><div class=\"kt-row-column-wrap kt-has-1-columns kt-row-layout-equal kt-tab-layout-inherit kt-mobile-layout-row kt-row-valign-top kb-theme-content-width\">\n<style>.kadence-column378_4339da-ee > .kt-inside-inner-col{padding-top:40px;padding-right:40px;padding-bottom:40px;padding-left:40px;}.kadence-column378_4339da-ee > .kt-inside-inner-col,.kadence-column378_4339da-ee > .kt-inside-inner-col:before{border-top-left-radius:0px;border-top-right-radius:0px;border-bottom-right-radius:0px;border-bottom-left-radius:0px;}.kadence-column378_4339da-ee > .kt-inside-inner-col{column-gap:var(--global-kb-gap-sm, 1rem);}.kadence-column378_4339da-ee > .kt-inside-inner-col{flex-direction:column;}.kadence-column378_4339da-ee > .kt-inside-inner-col > .aligncenter{width:100%;}.kadence-column378_4339da-ee > .kt-inside-inner-col:before{opacity:0.3;}.kadence-column378_4339da-ee{position:relative;}@media all and (max-width: 1024px){.kadence-column378_4339da-ee > .kt-inside-inner-col{flex-direction:column;justify-content:center;}}@media all and (max-width: 767px){.kadence-column378_4339da-ee > .kt-inside-inner-col{padding-right:var(--global-kb-spacing-xxs, 0.5rem);padding-left:var(--global-kb-spacing-xxs, 0.5rem);flex-direction:column;justify-content:center;}}<\/style>\n<div class=\"wp-block-kadence-column kadence-column378_4339da-ee inner-column-1\"><div class=\"kt-inside-inner-col\"><style>.kadence-form-378_1f5697-00 .kb-form .kadence-blocks-form-field .kb-text-style-field, .kadence-form-378_1f5697-00 .kb-form .kadence-blocks-form-field .kb-select-style-field{color:var(--global-palette9, #ffffff);border-radius:0px;border-width:0px 0px 3px 0px;background:rgba(255, 255, 255, 0);border-color:var(--global-palette6, #718096);}.kadence-form-378_1f5697-00 .kb-form .kadence-blocks-form-field > label{color:var(--global-palette9, #ffffff);text-transform:uppercase;font-family:Dela Gothic One;font-style:normal;font-weight:400;}.kadence-form-378_1f5697-00 .kb-form .kadence-blocks-form-field .kb-forms-submit{margin-top:30px;}.kadence-form-378_1f5697-00 .kb-form .kadence-blocks-form-field .kb-forms-submit{text-transform:uppercase;font-family:Dela Gothic One;font-style:normal;font-weight:400;}.kb-form input.kadence-blocks-field.verify{opacity:0.0;position:absolute;top:0.0;left:0.0;width:0.0;height:0.0;z-index:-1;}<\/style>\n<div class=\"wp-block-kadence-form kadence-form-378_1f5697-00 kb-form-wrap\"><form class=\"kb-form\" action=\"\" method=\"post\" data-error-message=\"Huomasithan virheen?\"><div class=\"kadence-blocks-form-field kb-field-desk-width-50 kb-field-mobile-width-100 kb-input-size-standard\"><label for=\"kb_field_378_1f5697-00_0\">Etunimi<span class=\"required\">*<\/span><\/label><input name=\"kb_field_0\" id=\"kb_field_378_1f5697-00_0\" data-label=\"Etunimi\" type=\"text\" placeholder=\"\" value=\"\" data-type=\"text\" class=\"kb-field kb-text-style-field kb-text-field kb-field-0\" data-required=\"yes\"\/><\/div><div class=\"kadence-blocks-form-field kb-form-field-1 kb-field-desk-width-50 kb-field-mobile-width-100 kb-input-size-standard\"><label for=\"kb_field_378_1f5697-00_1\">Sukunimi<span class=\"required\">*<\/span><\/label><input name=\"kb_field_1\" id=\"kb_field_378_1f5697-00_1\" data-label=\"Sukunimi\" type=\"text\" placeholder=\"\" value=\"\" data-type=\"text\" class=\"kb-field kb-text-style-field kb-text-field kb-field-1\" data-required=\"yes\"\/><\/div><div class=\"kadence-blocks-form-field kb-form-field-2 kb-field-desk-width-100 kb-field-mobile-width-100 kb-input-size-standard\"><label for=\"kb_field_378_1f5697-00_2\">S\u00e4hk\u00f6posti<span class=\"required\">*<\/span><\/label><input name=\"kb_field_2\" id=\"kb_field_378_1f5697-00_2\" data-label=\"S\u00e4hk\u00f6posti\" type=\"email\" placeholder=\"\" value=\"\" data-type=\"email\" class=\"kb-field kb-text-style-field kb-email-field kb-field-2\" data-required=\"yes\"\/><\/div><div class=\"kadence-blocks-form-field kb-form-field-3 kb-field-desk-width-100 kb-input-size-standard\"><label for=\"kb_field_378_1f5697-00_3\">Puhelinnumero<\/label><input name=\"kb_field_3\" id=\"kb_field_378_1f5697-00_3\" data-label=\"Puhelinnumero\" type=\"tel\" placeholder=\"\" value=\"\" data-type=\"tel\" class=\"kb-field kb-text-style-field kb-tel-field kb-field-3\"\/><\/div><div class=\"kadence-blocks-form-field kb-form-field-4 kb-field-desk-width-100 kb-field-mobile-width-100 kb-input-size-standard\"><label for=\"kb_field_378_1f5697-00_4\">Aihe<span class=\"required\">*<\/span><\/label><input name=\"kb_field_4\" id=\"kb_field_378_1f5697-00_4\" data-label=\"Aihe\" type=\"text\" placeholder=\"\" value=\"\" data-type=\"text\" class=\"kb-field kb-text-style-field kb-text-field kb-field-4\" data-required=\"yes\"\/><\/div><div class=\"kadence-blocks-form-field kb-form-field-5 kb-field-desk-width-100 kb-field-mobile-width-100 kb-input-size-standard\"><label for=\"kb_field_378_1f5697-00_5\">Viesti<span class=\"required\">*<\/span><\/label><textarea name=\"kb_field_5\" id=\"kb_field_378_1f5697-00_5\" data-label=\"Viesti\" type=\"textarea\" placeholder=\"\" data-type=\"textarea\" class=\"kb-field kb-text-style-field kb-textarea-field kb-field-5\" rows=\"4\" data-required=\"yes\"><\/textarea><\/div><input type=\"hidden\" name=\"_kb_form_id\" value=\"378_1f5697-00\"\/><input type=\"hidden\" name=\"_kb_form_post_id\" value=\"378\"\/><input type=\"hidden\" name=\"action\" value=\"kb_process_ajax_submit\"\/><label class=\"kadence-verify-label\">Email<input class=\"kadence-blocks-field verify\" type=\"text\" name=\"_kb_verify_email\" autocomplete=\"new-password\" aria-hidden=\"true\" placeholder=\"Email\" tabindex=\"-1\" data-1p-ignore=\"true\" data-lpignore=\"true\" \/><\/label><div class=\"kadence-blocks-form-field kb-submit-field kb-field-desk-width-100\"><button class=\"kb-forms-submit button kb-button-size-standard kb-button-width-full\">l\u00e4het\u00e4<\/button><\/div><\/form><\/div>\n<noscript><div class=\"kadence-blocks-form-message kadence-blocks-form-warning\">Please enable JavaScript in your browser to submit the form<\/div><style>.kadence-form-378_1f5697-00 .kadence-blocks-form-field.kb-submit-field { display: none; }<\/style><\/noscript><\/div><\/div>\n\n<\/div><\/div><\/div><\/div>\n\n<\/div><\/div>\n\n<style>.kb-row-layout-id378_404b1b-c6 > .kt-row-column-wrap{align-content:start;}:where(.kb-row-layout-id378_404b1b-c6 > .kt-row-column-wrap) > .wp-block-kadence-column{justify-content:start;}.kb-row-layout-id378_404b1b-c6 > .kt-row-column-wrap{column-gap:var(--global-kb-gap-md, 2rem);row-gap:var(--global-kb-gap-md, 2rem);padding-top:0px;padding-bottom:0px;grid-template-columns:minmax(0, 1fr);}.kb-row-layout-id378_404b1b-c6 > .kt-row-layout-overlay{opacity:0.30;}@media all and (max-width: 1024px){.kb-row-layout-id378_404b1b-c6 > .kt-row-column-wrap{grid-template-columns:minmax(0, 1fr);}}@media all and (max-width: 767px){.kb-row-layout-id378_404b1b-c6 > .kt-row-column-wrap{grid-template-columns:minmax(0, 1fr);}}<\/style><div class=\"kb-row-layout-wrap kb-row-layout-id378_404b1b-c6 alignnone wp-block-kadence-rowlayout\"><div class=\"kt-row-column-wrap kt-has-1-columns kt-row-layout-equal kt-tab-layout-inherit kt-mobile-layout-row kt-row-valign-top\">\n<style>.kadence-column378_cf0318-a9 > .kt-inside-inner-col,.kadence-column378_cf0318-a9 > .kt-inside-inner-col:before{border-top-left-radius:0px;border-top-right-radius:0px;border-bottom-right-radius:0px;border-bottom-left-radius:0px;}.kadence-column378_cf0318-a9 > .kt-inside-inner-col{column-gap:var(--global-kb-gap-sm, 1rem);}.kadence-column378_cf0318-a9 > .kt-inside-inner-col{flex-direction:column;}.kadence-column378_cf0318-a9 > .kt-inside-inner-col > .aligncenter{width:100%;}.kadence-column378_cf0318-a9 > .kt-inside-inner-col:before{opacity:0.3;}.kadence-column378_cf0318-a9{position:relative;}@media all and (max-width: 1024px){.kadence-column378_cf0318-a9 > .kt-inside-inner-col{flex-direction:column;justify-content:center;}}@media all and (max-width: 767px){.kadence-column378_cf0318-a9 > .kt-inside-inner-col{flex-direction:column;justify-content:center;}}<\/style>\n<div class=\"wp-block-kadence-column kadence-column378_cf0318-a9 inner-column-1\"><div class=\"kt-inside-inner-col\"><\/div><\/div>\n\n<\/div><\/div>","protected":false},"excerpt":{"rendered":"<p>yhteydenotto Oheisessa kaavakkeella voit ottaa yhteytt\u00e4 akatemiaan ja olla ajantasaisen tiedon \u00e4\u00e4rell\u00e4 toimintaan liittyen. My\u00f6s vapaamuotoiset kysymykset ovat tervetulleita. Kysymyksi\u00e4? Liittymistoiveita?Ota yhteytt\u00e4! Harjoitusten vastuuhenkil\u00f6t:Turku &amp; Satakunta + muu suomiMikko Sepp\u00e4l\u00e4&#8230;<\/p>\n","protected":false},"author":1,"featured_media":514,"parent":0,"menu_order":0,"comment_status":"closed","ping_status":"closed","template":"","meta":{"_EventAllDay":false,"_EventTimezone":"","_EventStartDate":"","_EventEndDate":"","_EventStartDateUTC":"","_EventEndDateUTC":"","_EventShowMap":false,"_EventShowMapLink":false,"_EventURL":"","_EventCost":"","_EventCostDescription":"","_EventCurrencySymbol":"","_EventCurrencyCode":"","_EventCurrencyPosition":"","_EventDateTimeSeparator":"","_EventTimeRangeSeparator":"","_EventOrganizerID":[],"_EventVenueID":[],"_OrganizerEmail":"","_OrganizerPhone":"","_OrganizerWebsite":"","_VenueAddress":"","_VenueCity":"","_VenueCountry":"","_VenueProvince":"","_VenueState":"","_VenueZip":"","_VenuePhone":"","_VenueURL":"","_VenueStateProvince":"","_VenueLat":"","_VenueLng":"","_VenueShowMap":false,"_VenueShowMapLink":false,"_kadence_starter_templates_imported_post":true,"_kad_post_transparent":"","_kad_post_title":"hide","_kad_post_layout":"fullwidth","_kad_post_sidebar_id":"","_kad_post_content_style":"unboxed","_kad_post_vertical_padding":"hide","_kad_post_feature":"hide","_kad_post_feature_position":"","_kad_post_header":false,"_kad_post_footer":false,"_kad_post_classname":"","footnotes":""},"class_list":["post-378","page","type-page","status-publish","has-post-thumbnail","hentry"],"_links":{"self":[{"href":"https:\/\/www.jdcfinland.fi\/index.php?rest_route=\/wp\/v2\/pages\/378","targetHints":{"allow":["GET"]}}],"collection":[{"href":"https:\/\/www.jdcfinland.fi\/index.php?rest_route=\/wp\/v2\/pages"}],"about":[{"href":"https:\/\/www.jdcfinland.fi\/index.php?rest_route=\/wp\/v2\/types\/page"}],"author":[{"embeddable":true,"href":"https:\/\/www.jdcfinland.fi\/index.php?rest_route=\/wp\/v2\/users\/1"}],"replies":[{"embeddable":true,"href":"https:\/\/www.jdcfinland.fi\/index.php?rest_route=%2Fwp%2Fv2%2Fcomments&post=378"}],"version-history":[{"count":10,"href":"https:\/\/www.jdcfinland.fi\/index.php?rest_route=\/wp\/v2\/pages\/378\/revisions"}],"predecessor-version":[{"id":975,"href":"https:\/\/www.jdcfinland.fi\/index.php?rest_route=\/wp\/v2\/pages\/378\/revisions\/975"}],"wp:featuredmedia":[{"embeddable":true,"href":"https:\/\/www.jdcfinland.fi\/index.php?rest_route=\/wp\/v2\/media\/514"}],"wp:attachment":[{"href":"https:\/\/www.jdcfinland.fi\/index.php?rest_route=%2Fwp%2Fv2%2Fmedia&parent=378"}],"curies":[{"name":"wp","href":"https:\/\/api.w.org\/{rel}","templated":true}]}}