{"id":10,"date":"2021-08-14T20:46:59","date_gmt":"2021-08-14T20:46:59","guid":{"rendered":"https:\/\/kits.themecy.com\/events-3\/?page_id=10"},"modified":"2026-03-09T07:59:55","modified_gmt":"2026-03-09T07:59:55","slug":"speaker","status":"publish","type":"page","link":"https:\/\/www.jdcfinland.fi\/?page_id=10","title":{"rendered":"RANKING"},"content":{"rendered":"<style>.kb-row-layout-id10_26f105-8e > .kt-row-column-wrap{align-content:start;}:where(.kb-row-layout-id10_26f105-8e > .kt-row-column-wrap) > .wp-block-kadence-column{justify-content:start;}.kb-row-layout-id10_26f105-8e > .kt-row-column-wrap{column-gap:var(--global-kb-gap-md, 2rem);row-gap:var(--global-kb-gap-md, 2rem);max-width:var( --global-content-width, 1290px );padding-left:var(--global-content-edge-padding);padding-right:var(--global-content-edge-padding);padding-top:200px;padding-bottom:90px;grid-template-columns:minmax(0, 1fr);}.kb-row-layout-id10_26f105-8e > .kt-row-layout-overlay{opacity:0.56;background:radial-gradient(ellipse at right top, #e539fd 0%, var(--global-palette3) 92%);mix-blend-mode:multiply;}@media all and (max-width: 1024px){.kb-row-layout-id10_26f105-8e > .kt-row-column-wrap{grid-template-columns:minmax(0, 1fr);}}@media all and (max-width: 767px){.kb-row-layout-id10_26f105-8e > .kt-row-column-wrap{grid-template-columns:minmax(0, 1fr);}}<\/style><div class=\"kb-row-layout-wrap kb-row-layout-id10_26f105-8e alignnone has-theme-palette3-background-color kt-row-has-bg wp-block-kadence-rowlayout\"><div class=\"kt-row-layout-overlay kt-row-overlay-gradient\"><\/div><div class=\"kt-row-column-wrap kt-has-1-columns kt-row-layout-equal kt-tab-layout-inherit kt-mobile-layout-row kt-row-valign-top kb-theme-content-width\">\n<style>.kadence-column10_68b7c6-56 > .kt-inside-inner-col,.kadence-column10_68b7c6-56 > .kt-inside-inner-col:before{border-top-left-radius:0px;border-top-right-radius:0px;border-bottom-right-radius:0px;border-bottom-left-radius:0px;}.kadence-column10_68b7c6-56 > .kt-inside-inner-col{column-gap:var(--global-kb-gap-sm, 1rem);}.kadence-column10_68b7c6-56 > .kt-inside-inner-col{flex-direction:column;}.kadence-column10_68b7c6-56 > .kt-inside-inner-col > .aligncenter{width:100%;}.kadence-column10_68b7c6-56 > .kt-inside-inner-col:before{opacity:0.3;}.kadence-column10_68b7c6-56{position:relative;}@media all and (max-width: 1024px){.kadence-column10_68b7c6-56 > .kt-inside-inner-col{flex-direction:column;justify-content:center;}}@media all and (max-width: 767px){.kadence-column10_68b7c6-56 > .kt-inside-inner-col{flex-direction:column;justify-content:center;}}<\/style>\n<div class=\"wp-block-kadence-column kadence-column10_68b7c6-56 inner-column-1\"><div class=\"kt-inside-inner-col\"><style>.wp-block-kadence-advancedheading.kt-adv-heading10_de133b-3f, .wp-block-kadence-advancedheading.kt-adv-heading10_de133b-3f[data-kb-block=\"kb-adv-heading10_de133b-3f\"]{margin-top:0px;text-align:center;font-style:normal;}.wp-block-kadence-advancedheading.kt-adv-heading10_de133b-3f mark.kt-highlight, .wp-block-kadence-advancedheading.kt-adv-heading10_de133b-3f[data-kb-block=\"kb-adv-heading10_de133b-3f\"] mark.kt-highlight{font-style:normal;color:#f76a0c;-webkit-box-decoration-break:clone;box-decoration-break:clone;padding-top:0px;padding-right:0px;padding-bottom:0px;padding-left:0px;}.wp-block-kadence-advancedheading.kt-adv-heading10_de133b-3f img.kb-inline-image, .wp-block-kadence-advancedheading.kt-adv-heading10_de133b-3f[data-kb-block=\"kb-adv-heading10_de133b-3f\"] img.kb-inline-image{width:150px;vertical-align:baseline;}@media all and (max-width: 1024px){.wp-block-kadence-advancedheading.kt-adv-heading10_de133b-3f, .wp-block-kadence-advancedheading.kt-adv-heading10_de133b-3f[data-kb-block=\"kb-adv-heading10_de133b-3f\"]{font-size:60px;}}@media all and (max-width: 767px){.wp-block-kadence-advancedheading.kt-adv-heading10_de133b-3f, .wp-block-kadence-advancedheading.kt-adv-heading10_de133b-3f[data-kb-block=\"kb-adv-heading10_de133b-3f\"]{font-size:26px;}}<\/style>\n<h1 class=\"kt-adv-heading10_de133b-3f wp-block-kadence-advancedheading has-theme-palette-9-color has-text-color\" data-kb-block=\"kb-adv-heading10_de133b-3f\">rankinglistat<\/h1>\n\n\n<style>.wp-block-kadence-advancedheading.kt-adv-heading10_ef517f-8c, .wp-block-kadence-advancedheading.kt-adv-heading10_ef517f-8c[data-kb-block=\"kb-adv-heading10_ef517f-8c\"]{text-align:center;font-style:normal;}.wp-block-kadence-advancedheading.kt-adv-heading10_ef517f-8c mark.kt-highlight, .wp-block-kadence-advancedheading.kt-adv-heading10_ef517f-8c[data-kb-block=\"kb-adv-heading10_ef517f-8c\"] mark.kt-highlight{font-style:normal;color:#f76a0c;-webkit-box-decoration-break:clone;box-decoration-break:clone;padding-top:0px;padding-right:0px;padding-bottom:0px;padding-left:0px;}.wp-block-kadence-advancedheading.kt-adv-heading10_ef517f-8c img.kb-inline-image, .wp-block-kadence-advancedheading.kt-adv-heading10_ef517f-8c[data-kb-block=\"kb-adv-heading10_ef517f-8c\"] img.kb-inline-image{width:150px;vertical-align:baseline;}<\/style>\n<p class=\"kt-adv-heading10_ef517f-8c wp-block-kadence-advancedheading has-theme-palette-9-color has-text-color\" data-kb-block=\"kb-adv-heading10_ef517f-8c\">Molempien sarjojen rankinglistat<\/p>\n<\/div><\/div>\n\n<\/div><\/div>\n\n<style>.kt-accordion-id10_037bf8-ae .kt-accordion-inner-wrap{column-gap:var(--global-kb-gap-md, 2rem);row-gap:10px;}.kt-accordion-id10_037bf8-ae .kt-accordion-panel-inner{border-top:0px solid transparent;border-right:0px solid transparent;border-bottom:0px solid transparent;border-left:0px solid transparent;background:#ffffff;padding-top:var(--global-kb-spacing-sm, 1.5rem);padding-right:var(--global-kb-spacing-sm, 1.5rem);padding-bottom:var(--global-kb-spacing-sm, 1.5rem);padding-left:var(--global-kb-spacing-sm, 1.5rem);}.kt-accordion-id10_037bf8-ae > .kt-accordion-inner-wrap > .wp-block-kadence-pane > .kt-accordion-header-wrap > .kt-blocks-accordion-header{border-top:0px solid #f2f2f2;border-right:0px solid #f2f2f2;border-bottom:0px solid #f2f2f2;border-left:0px solid #f2f2f2;border-top-left-radius:6px;border-top-right-radius:6px;border-bottom-right-radius:6px;border-bottom-left-radius:6px;background:var(--global-palette1, #3182CE);color:#555555;padding-top:14px;padding-right:16px;padding-bottom:14px;padding-left:16px;}.kt-accordion-id10_037bf8-ae:not( .kt-accodion-icon-style-basiccircle ):not( .kt-accodion-icon-style-xclosecircle ):not( .kt-accodion-icon-style-arrowcircle )  > .kt-accordion-inner-wrap > .wp-block-kadence-pane > .kt-accordion-header-wrap .kt-blocks-accordion-icon-trigger:after, .kt-accordion-id10_037bf8-ae:not( .kt-accodion-icon-style-basiccircle ):not( .kt-accodion-icon-style-xclosecircle ):not( .kt-accodion-icon-style-arrowcircle )  > .kt-accordion-inner-wrap > .wp-block-kadence-pane > .kt-accordion-header-wrap .kt-blocks-accordion-icon-trigger:before{background:#555555;}.kt-accordion-id10_037bf8-ae:not( .kt-accodion-icon-style-basic ):not( .kt-accodion-icon-style-xclose ):not( .kt-accodion-icon-style-arrow ) .kt-blocks-accordion-icon-trigger{background:#555555;}.kt-accordion-id10_037bf8-ae:not( .kt-accodion-icon-style-basic ):not( .kt-accodion-icon-style-xclose ):not( .kt-accodion-icon-style-arrow ) .kt-blocks-accordion-icon-trigger:after, .kt-accordion-id10_037bf8-ae:not( .kt-accodion-icon-style-basic ):not( .kt-accodion-icon-style-xclose ):not( .kt-accodion-icon-style-arrow ) .kt-blocks-accordion-icon-trigger:before{background:var(--global-palette1, #3182CE);}.kt-accordion-id10_037bf8-ae > .kt-accordion-inner-wrap > .wp-block-kadence-pane > .kt-accordion-header-wrap > .kt-blocks-accordion-header:hover, \n\t\t\t\tbody:not(.hide-focus-outline) .kt-accordion-id10_037bf8-ae .kt-blocks-accordion-header:focus-visible{color:#444444;background:var(--global-palette1, #3182CE);border-top-color:#eeeeee;border-top-style:solid;border-right-color:#eeeeee;border-right-style:solid;border-bottom-color:#eeeeee;border-bottom-style:solid;border-left-color:#eeeeee;border-left-style:solid;}.kt-accordion-id10_037bf8-ae:not( .kt-accodion-icon-style-basiccircle ):not( .kt-accodion-icon-style-xclosecircle ):not( .kt-accodion-icon-style-arrowcircle ) .kt-accordion-header-wrap .kt-blocks-accordion-header:hover .kt-blocks-accordion-icon-trigger:after, .kt-accordion-id10_037bf8-ae:not( .kt-accodion-icon-style-basiccircle ):not( .kt-accodion-icon-style-xclosecircle ):not( .kt-accodion-icon-style-arrowcircle ) .kt-accordion-header-wrap .kt-blocks-accordion-header:hover .kt-blocks-accordion-icon-trigger:before, body:not(.hide-focus-outline) .kt-accordion-id10_037bf8-ae:not( .kt-accodion-icon-style-basiccircle ):not( .kt-accodion-icon-style-xclosecircle ):not( .kt-accodion-icon-style-arrowcircle ) .kt-blocks-accordion--visible .kt-blocks-accordion-icon-trigger:after, body:not(.hide-focus-outline) .kt-accordion-id10_037bf8-ae:not( .kt-accodion-icon-style-basiccircle ):not( .kt-accodion-icon-style-xclosecircle ):not( .kt-accodion-icon-style-arrowcircle ) .kt-blocks-accordion-header:focus-visible .kt-blocks-accordion-icon-trigger:before{background:#444444;}.kt-accordion-id10_037bf8-ae:not( .kt-accodion-icon-style-basic ):not( .kt-accodion-icon-style-xclose ):not( .kt-accodion-icon-style-arrow ) .kt-accordion-header-wrap .kt-blocks-accordion-header:hover .kt-blocks-accordion-icon-trigger, body:not(.hide-focus-outline) .kt-accordion-id10_037bf8-ae:not( .kt-accodion-icon-style-basic ):not( .kt-accodion-icon-style-xclose ):not( .kt-accodion-icon-style-arrow ) .kt-accordion-header-wrap .kt-blocks-accordion-header:focus-visible .kt-blocks-accordion-icon-trigger{background:#444444;}.kt-accordion-id10_037bf8-ae:not( .kt-accodion-icon-style-basic ):not( .kt-accodion-icon-style-xclose ):not( .kt-accodion-icon-style-arrow ) .kt-accordion-header-wrap .kt-blocks-accordion-header:hover .kt-blocks-accordion-icon-trigger:after, .kt-accordion-id10_037bf8-ae:not( .kt-accodion-icon-style-basic ):not( .kt-accodion-icon-style-xclose ):not( .kt-accodion-icon-style-arrow ) .kt-accordion-header-wrap .kt-blocks-accordion-header:hover .kt-blocks-accordion-icon-trigger:before, body:not(.hide-focus-outline) .kt-accordion-id10_037bf8-ae:not( .kt-accodion-icon-style-basic ):not( .kt-accodion-icon-style-xclose ):not( .kt-accodion-icon-style-arrow ) .kt-accordion-header-wrap .kt-blocks-accordion-header:focus-visible .kt-blocks-accordion-icon-trigger:after, body:not(.hide-focus-outline) .kt-accordion-id10_037bf8-ae:not( .kt-accodion-icon-style-basic ):not( .kt-accodion-icon-style-xclose ):not( .kt-accodion-icon-style-arrow ) .kt-accordion-header-wrap .kt-blocks-accordion-header:focus-visible .kt-blocks-accordion-icon-trigger:before{background:var(--global-palette1, #3182CE);}.kt-accordion-id10_037bf8-ae .kt-accordion-header-wrap .kt-blocks-accordion-header:focus-visible,\n\t\t\t\t.kt-accordion-id10_037bf8-ae > .kt-accordion-inner-wrap > .wp-block-kadence-pane > .kt-accordion-header-wrap > .kt-blocks-accordion-header.kt-accordion-panel-active{color:var(--global-palette3, #1A202C);background:var(--global-palette1, #3182CE);border-top-color:#BE530B;border-top-style:solid;border-right-color:#BE530B;border-right-style:solid;border-bottom-color:#BE530B;border-bottom-style:solid;border-left-color:#BE530B;border-left-style:solid;}.kt-accordion-id10_037bf8-ae:not( .kt-accodion-icon-style-basiccircle ):not( .kt-accodion-icon-style-xclosecircle ):not( .kt-accodion-icon-style-arrowcircle )  > .kt-accordion-inner-wrap > .wp-block-kadence-pane > .kt-accordion-header-wrap > .kt-blocks-accordion-header.kt-accordion-panel-active .kt-blocks-accordion-icon-trigger:after, .kt-accordion-id10_037bf8-ae:not( .kt-accodion-icon-style-basiccircle ):not( .kt-accodion-icon-style-xclosecircle ):not( .kt-accodion-icon-style-arrowcircle )  > .kt-accordion-inner-wrap > .wp-block-kadence-pane > .kt-accordion-header-wrap > .kt-blocks-accordion-header.kt-accordion-panel-active .kt-blocks-accordion-icon-trigger:before{background:var(--global-palette3, #1A202C);}.kt-accordion-id10_037bf8-ae:not( .kt-accodion-icon-style-basic ):not( .kt-accodion-icon-style-xclose ):not( .kt-accodion-icon-style-arrow ) .kt-blocks-accordion-header.kt-accordion-panel-active .kt-blocks-accordion-icon-trigger{background:var(--global-palette3, #1A202C);}.kt-accordion-id10_037bf8-ae:not( .kt-accodion-icon-style-basic ):not( .kt-accodion-icon-style-xclose ):not( .kt-accodion-icon-style-arrow ) .kt-blocks-accordion-header.kt-accordion-panel-active .kt-blocks-accordion-icon-trigger:after, .kt-accordion-id10_037bf8-ae:not( .kt-accodion-icon-style-basic ):not( .kt-accodion-icon-style-xclose ):not( .kt-accodion-icon-style-arrow ) .kt-blocks-accordion-header.kt-accordion-panel-active .kt-blocks-accordion-icon-trigger:before{background:var(--global-palette1, #3182CE);}@media all and (max-width: 1024px){.kt-accordion-id10_037bf8-ae .kt-accordion-panel-inner{border-top:0px solid transparent;border-right:0px solid transparent;border-bottom:0px solid transparent;border-left:0px solid transparent;}}@media all and (max-width: 1024px){.kt-accordion-id10_037bf8-ae > .kt-accordion-inner-wrap > .wp-block-kadence-pane > .kt-accordion-header-wrap > .kt-blocks-accordion-header{border-top:0px solid #f2f2f2;border-right:0px solid #f2f2f2;border-bottom:0px solid #f2f2f2;border-left:0px solid #f2f2f2;}}@media all and (max-width: 1024px){.kt-accordion-id10_037bf8-ae > .kt-accordion-inner-wrap > .wp-block-kadence-pane > .kt-accordion-header-wrap > .kt-blocks-accordion-header:hover, \n\t\t\t\tbody:not(.hide-focus-outline) .kt-accordion-id10_037bf8-ae .kt-blocks-accordion-header:focus-visible{border-top-color:#eeeeee;border-top-style:solid;border-right-color:#eeeeee;border-right-style:solid;border-bottom-color:#eeeeee;border-bottom-style:solid;border-left-color:#eeeeee;border-left-style:solid;}}@media all and (max-width: 1024px){.kt-accordion-id10_037bf8-ae .kt-accordion-header-wrap .kt-blocks-accordion-header:focus-visible,\n\t\t\t\t.kt-accordion-id10_037bf8-ae > .kt-accordion-inner-wrap > .wp-block-kadence-pane > .kt-accordion-header-wrap > .kt-blocks-accordion-header.kt-accordion-panel-active{border-top-color:#BE530B;border-top-style:solid;border-right-color:#BE530B;border-right-style:solid;border-bottom-color:#BE530B;border-bottom-style:solid;border-left-color:#BE530B;border-left-style:solid;}}@media all and (max-width: 767px){.kt-accordion-id10_037bf8-ae .kt-accordion-inner-wrap{display:block;}.kt-accordion-id10_037bf8-ae .kt-accordion-inner-wrap .kt-accordion-pane:not(:first-child){margin-top:10px;}.kt-accordion-id10_037bf8-ae .kt-accordion-panel-inner{border-top:0px solid transparent;border-right:0px solid transparent;border-bottom:0px solid transparent;border-left:0px solid transparent;}.kt-accordion-id10_037bf8-ae > .kt-accordion-inner-wrap > .wp-block-kadence-pane > .kt-accordion-header-wrap > .kt-blocks-accordion-header{border-top:0px solid #f2f2f2;border-right:0px solid #f2f2f2;border-bottom:0px solid #f2f2f2;border-left:0px solid #f2f2f2;}.kt-accordion-id10_037bf8-ae > .kt-accordion-inner-wrap > .wp-block-kadence-pane > .kt-accordion-header-wrap > .kt-blocks-accordion-header:hover, \n\t\t\t\tbody:not(.hide-focus-outline) .kt-accordion-id10_037bf8-ae .kt-blocks-accordion-header:focus-visible{border-top-color:#eeeeee;border-top-style:solid;border-right-color:#eeeeee;border-right-style:solid;border-bottom-color:#eeeeee;border-bottom-style:solid;border-left-color:#eeeeee;border-left-style:solid;}.kt-accordion-id10_037bf8-ae .kt-accordion-header-wrap .kt-blocks-accordion-header:focus-visible,\n\t\t\t\t.kt-accordion-id10_037bf8-ae > .kt-accordion-inner-wrap > .wp-block-kadence-pane > .kt-accordion-header-wrap > .kt-blocks-accordion-header.kt-accordion-panel-active{border-top-color:#BE530B;border-top-style:solid;border-right-color:#BE530B;border-right-style:solid;border-bottom-color:#BE530B;border-bottom-style:solid;border-left-color:#BE530B;border-left-style:solid;}}<\/style>\n<div class=\"wp-block-kadence-accordion alignnone\"><div class=\"kt-accordion-wrap kt-accordion-id10_037bf8-ae kt-accordion-has-5-panes kt-active-pane-0 kt-accordion-block kt-pane-header-alignment-left kt-accodion-icon-style-basic kt-accodion-icon-side-right\" style=\"max-width:none\"><div class=\"kt-accordion-inner-wrap\" data-allow-multiple-open=\"false\" data-start-open=\"none\">\n<div class=\"wp-block-kadence-pane kt-accordion-pane kt-accordion-pane-2 kt-pane10_4f3b32-88\"><div class=\"kt-accordion-header-wrap\"><button class=\"kt-blocks-accordion-header kt-acccordion-button-label-show\" type=\"button\"><span class=\"kt-blocks-accordion-title-wrap\"><span class=\"kt-blocks-accordion-title\">Kuukausikisat<\/span><\/span><span class=\"kt-blocks-accordion-icon-trigger\"><\/span><\/button><\/div><div class=\"kt-accordion-panel kt-accordion-panel-hidden\"><div class=\"kt-accordion-panel-inner\"><div data-sheetable=\"1\">\n\t\t\t\t<noscript>\n\t\t\t\t\t<p>Please enable JavaScript to view this table.<\/p>\n\t\t\t\t<\/noscript>\n            <\/div>\n\n\n\n<h5 class=\"wp-block-heading\">Kuukausikisat<\/h5>\n\n\n\n<ul class=\"wp-block-list\">\n<li>Kuukausikisojen karsintoja j\u00e4rjestet\u00e4\u00e4n tammi\u2013syyskuun aikana.<\/li>\n\n\n\n<li>Karsintoja on yhteens\u00e4 kymmenen, yhdeks\u00e4n\u00e4 viikonloppuna.<\/li>\n\n\n\n<li>JDC Scandinavian Openissa heitet\u00e4\u00e4n kaksi erillist\u00e4 karsintaa.<\/li>\n\n\n\n<li>Jokaiselta heitt\u00e4j\u00e4lt\u00e4 huomioidaan&nbsp;<strong>kahdeksan parasta karsintatulosta<\/strong>.<\/li>\n\n\n\n<li>Karsintakisaan voivat osallistua ainoastaan akatemialaiset, ja osallistuminen on heille maksutonta.<\/li>\n\n\n\n<li>My\u00f6s akatemian 18-23-vuotiaat saavat osallistua kuukausikilpailuun. He eiv\u00e4t kerryt\u00e4 kuitenkaan MM-kilpailujen rankingpisteit\u00e4.<\/li>\n<\/ul>\n\n\n\n<figure class=\"wp-block-table is-style-stripes\"><table class=\"has-fixed-layout\"><thead><tr><th class=\"has-text-align-center\" data-align=\"center\">Os<\/th><th class=\"has-text-align-center\" data-align=\"center\">1.<\/th><th class=\"has-text-align-center\" data-align=\"center\">2.<\/th><th class=\"has-text-align-center\" data-align=\"center\">3.<\/th><th class=\"has-text-align-center\" data-align=\"center\">4.<\/th><th class=\"has-text-align-center\" data-align=\"center\">5.-8.<\/th><th class=\"has-text-align-center\" data-align=\"center\">9.-16.<\/th><th class=\"has-text-align-center\" data-align=\"center\">17.-32.<\/th><th class=\"has-text-align-center\" data-align=\"center\">33.-64.<\/th><\/tr><\/thead><tbody><tr><td class=\"has-text-align-center\" data-align=\"center\">8<\/td><td class=\"has-text-align-center\" data-align=\"center\">16<\/td><td class=\"has-text-align-center\" data-align=\"center\">15<\/td><td class=\"has-text-align-center\" data-align=\"center\">14<\/td><td class=\"has-text-align-center\" data-align=\"center\">9<\/td><td class=\"has-text-align-center\" data-align=\"center\">5<\/td><td class=\"has-text-align-center\" data-align=\"center\"><\/td><td class=\"has-text-align-center\" data-align=\"center\"><\/td><td class=\"has-text-align-center\" data-align=\"center\"><\/td><\/tr><tr><td class=\"has-text-align-center\" data-align=\"center\">16<\/td><td class=\"has-text-align-center\" data-align=\"center\">32<\/td><td class=\"has-text-align-center\" data-align=\"center\">30<\/td><td class=\"has-text-align-center\" data-align=\"center\">28<\/td><td class=\"has-text-align-center\" data-align=\"center\">18<\/td><td class=\"has-text-align-center\" data-align=\"center\">10<\/td><td class=\"has-text-align-center\" data-align=\"center\">5<\/td><td class=\"has-text-align-center\" data-align=\"center\"><\/td><td class=\"has-text-align-center\" data-align=\"center\"><\/td><\/tr><tr><td class=\"has-text-align-center\" data-align=\"center\">24<\/td><td class=\"has-text-align-center\" data-align=\"center\">48<\/td><td class=\"has-text-align-center\" data-align=\"center\">45<\/td><td class=\"has-text-align-center\" data-align=\"center\">42<\/td><td class=\"has-text-align-center\" data-align=\"center\">27<\/td><td class=\"has-text-align-center\" data-align=\"center\">15<\/td><td class=\"has-text-align-center\" data-align=\"center\">10<\/td><td class=\"has-text-align-center\" data-align=\"center\">5<\/td><td class=\"has-text-align-center\" data-align=\"center\"><\/td><\/tr><tr><td class=\"has-text-align-center\" data-align=\"center\">32<\/td><td class=\"has-text-align-center\" data-align=\"center\">64<\/td><td class=\"has-text-align-center\" data-align=\"center\">60<\/td><td class=\"has-text-align-center\" data-align=\"center\">54<\/td><td class=\"has-text-align-center\" data-align=\"center\">36<\/td><td class=\"has-text-align-center\" data-align=\"center\">20<\/td><td class=\"has-text-align-center\" data-align=\"center\">15<\/td><td class=\"has-text-align-center\" data-align=\"center\">5<\/td><td class=\"has-text-align-center\" data-align=\"center\"><\/td><\/tr><tr><td class=\"has-text-align-center\" data-align=\"center\">40<\/td><td class=\"has-text-align-center\" data-align=\"center\">80<\/td><td class=\"has-text-align-center\" data-align=\"center\">75<\/td><td class=\"has-text-align-center\" data-align=\"center\">69<\/td><td class=\"has-text-align-center\" data-align=\"center\">45<\/td><td class=\"has-text-align-center\" data-align=\"center\">25<\/td><td class=\"has-text-align-center\" data-align=\"center\">20<\/td><td class=\"has-text-align-center\" data-align=\"center\">10<\/td><td class=\"has-text-align-center\" data-align=\"center\">5<\/td><\/tr><\/tbody><\/table><\/figure>\n<\/div><\/div><\/div>\n\n\n\n<div class=\"wp-block-kadence-pane kt-accordion-pane kt-accordion-pane-3 kt-pane10_61c993-42\"><div class=\"kt-accordion-header-wrap\"><button class=\"kt-blocks-accordion-header kt-acccordion-button-label-show\" type=\"button\"><span class=\"kt-blocks-accordion-title-wrap\"><span class=\"kt-blocks-accordion-title\">JDC Challenge<\/span><\/span><span class=\"kt-blocks-accordion-icon-trigger\"><\/span><\/button><\/div><div class=\"kt-accordion-panel kt-accordion-panel-hidden\"><div class=\"kt-accordion-panel-inner\"><div data-sheetable=\"3\">\n\t\t\t\t<noscript>\n\t\t\t\t\t<p>Please enable JavaScript to view this table.<\/p>\n\t\t\t\t<\/noscript>\n            <\/div>\n\n\n\n<p><strong>JDC Challenge \u2013 Miten karsinta toimii?<\/strong><\/p>\n\n\n\n<p>JDC Challenge on viikoittain viikkotreeneiss\u00e4 heitett\u00e4v\u00e4 peli.<br>Yksi nelj\u00e4sosa MM\u2011kisajoukkueen paikoista jaetaan JDC Challengen rankingin perusteella.<br>Rankingpisteiden jakoperuste sama kuin kuukausikisoissa.<\/p>\n\n\n\n<p>Rankingissa lasketaan jokaisen 8 viikon jakson <strong>kuusi parasta tulosta<\/strong>, ja niiden <strong>keskiarvo<\/strong> m\u00e4\u00e4r\u00e4\u00e4 sijoituksen.<br>Yhteispisteill\u00e4 ei ole merkityst\u00e4.<\/p>\n\n\n\n<p>Jos 8 viikon aikana on <strong>alle kuusi suoritusta<\/strong>, keskiarvo on <strong>0<\/strong>.<br>Keskiarvo n\u00e4kyy vasta, kun kuusi tulosta on tehty.<br>Tulosseuranta GoDartsPron virallisella akatemiasivulla.<\/p>\n\n\n\n<p>Kausia on yhteens\u00e4 <strong>kuusi<\/strong>, ja jokainen kausi kest\u00e4\u00e4 <strong>8 viikkoa<\/strong>. Kaudet ajoittuvat ymp\u00e4ri vuoden kest\u00e4v\u00e4lle ajanjaksolle, lukuun ottamatta nelj\u00e4n viikon taukoa loka\u2013marraskuussa. Kaudet m\u00e4\u00e4r\u00e4ytyv\u00e4t JDC:n emo-organisaation vuosikellon mukaan.<\/p>\n<\/div><\/div><\/div>\n\n\n\n<div class=\"wp-block-kadence-pane kt-accordion-pane kt-accordion-pane-4 kt-pane10_bc56d4-00\"><div class=\"kt-accordion-header-wrap\"><button class=\"kt-blocks-accordion-header kt-acccordion-button-label-show\" type=\"button\"><span class=\"kt-blocks-accordion-title-wrap\"><span class=\"kt-blocks-accordion-title\">Kokonaisranking<\/span><\/span><span class=\"kt-blocks-accordion-icon-trigger\"><\/span><\/button><\/div><div class=\"kt-accordion-panel kt-accordion-panel-hidden\"><div class=\"kt-accordion-panel-inner\"><div data-sheetable=\"4\">\n\t\t\t\t<noscript>\n\t\t\t\t\t<p>Please enable JavaScript to view this table.<\/p>\n\t\t\t\t<\/noscript>\n            <\/div>\n<\/div><\/div><\/div>\n\n\n\n<div class=\"wp-block-kadence-pane kt-accordion-pane kt-accordion-pane-5 kt-pane10_9ac4bb-be\"><div class=\"kt-accordion-header-wrap\"><button class=\"kt-blocks-accordion-header kt-acccordion-button-label-show\" type=\"button\"><span class=\"kt-blocks-accordion-title-wrap\"><span class=\"kt-blocks-accordion-title\">Gastropub L\u00f6yd\u00f6n kev\u00e4tkiertue ranking<\/span><\/span><span class=\"kt-blocks-accordion-icon-trigger\"><\/span><\/button><\/div><div class=\"kt-accordion-panel kt-accordion-panel-hidden\"><div class=\"kt-accordion-panel-inner\"><div data-sheetable=\"5\">\n\t\t\t\t<noscript>\n\t\t\t\t\t<p>Please enable JavaScript to view this table.<\/p>\n\t\t\t\t<\/noscript>\n            <\/div>\n<\/div><\/div><\/div>\n<\/div><\/div><\/div>\n\n\n\n<p><\/p>\n","protected":false},"excerpt":{"rendered":"<p>rankinglistat Molempien sarjojen rankinglistat<\/p>\n","protected":false},"author":1,"featured_media":0,"parent":0,"menu_order":0,"comment_status":"closed","ping_status":"closed","template":"","meta":{"_EventAllDay":false,"_EventTimezone":"","_EventStartDate":"","_EventEndDate":"","_EventStartDateUTC":"","_EventEndDateUTC":"","_EventShowMap":false,"_EventShowMapLink":false,"_EventURL":"","_EventCost":"","_EventCostDescription":"","_EventCurrencySymbol":"","_EventCurrencyCode":"","_EventCurrencyPosition":"","_EventDateTimeSeparator":"","_EventTimeRangeSeparator":"","_EventOrganizerID":[],"_EventVenueID":[],"_OrganizerEmail":"","_OrganizerPhone":"","_OrganizerWebsite":"","_VenueAddress":"","_VenueCity":"","_VenueCountry":"","_VenueProvince":"","_VenueState":"","_VenueZip":"","_VenuePhone":"","_VenueURL":"","_VenueStateProvince":"","_VenueLat":"","_VenueLng":"","_VenueShowMap":false,"_VenueShowMapLink":false,"_kadence_starter_templates_imported_post":true,"_kad_post_transparent":"","_kad_post_title":"hide","_kad_post_layout":"fullwidth","_kad_post_sidebar_id":"","_kad_post_content_style":"unboxed","_kad_post_vertical_padding":"hide","_kad_post_feature":"hide","_kad_post_feature_position":"","_kad_post_header":false,"_kad_post_footer":false,"_kad_post_classname":"","footnotes":""},"class_list":["post-10","page","type-page","status-publish","hentry"],"_links":{"self":[{"href":"https:\/\/www.jdcfinland.fi\/index.php?rest_route=\/wp\/v2\/pages\/10","targetHints":{"allow":["GET"]}}],"collection":[{"href":"https:\/\/www.jdcfinland.fi\/index.php?rest_route=\/wp\/v2\/pages"}],"about":[{"href":"https:\/\/www.jdcfinland.fi\/index.php?rest_route=\/wp\/v2\/types\/page"}],"author":[{"embeddable":true,"href":"https:\/\/www.jdcfinland.fi\/index.php?rest_route=\/wp\/v2\/users\/1"}],"replies":[{"embeddable":true,"href":"https:\/\/www.jdcfinland.fi\/index.php?rest_route=%2Fwp%2Fv2%2Fcomments&post=10"}],"version-history":[{"count":21,"href":"https:\/\/www.jdcfinland.fi\/index.php?rest_route=\/wp\/v2\/pages\/10\/revisions"}],"predecessor-version":[{"id":1031,"href":"https:\/\/www.jdcfinland.fi\/index.php?rest_route=\/wp\/v2\/pages\/10\/revisions\/1031"}],"wp:attachment":[{"href":"https:\/\/www.jdcfinland.fi\/index.php?rest_route=%2Fwp%2Fv2%2Fmedia&parent=10"}],"curies":[{"name":"wp","href":"https:\/\/api.w.org\/{rel}","templated":true}]}}